{"id":2578,"date":"2025-04-16T17:10:36","date_gmt":"2025-04-16T17:10:36","guid":{"rendered":"https:\/\/dolux.pl\/ueber-uns\/team\/"},"modified":"2026-02-09T21:50:36","modified_gmt":"2026-02-09T21:50:36","slug":"team","status":"publish","type":"page","link":"https:\/\/dolux.pl\/de\/ueber-uns\/team\/","title":{"rendered":"Team"},"content":{"rendered":"\n<div class=\"wp-block-cover alignwide has-custom-content-position is-position-bottom-center\" style=\"padding-top:var(--wp--preset--spacing--50);padding-right:var(--wp--preset--spacing--10);padding-bottom:var(--wp--preset--spacing--50);padding-left:var(--wp--preset--spacing--10)\"><img loading=\"lazy\" decoding=\"async\" width=\"2480\" height=\"1653\" class=\"wp-block-cover__image-background wp-image-857 size-full\" alt=\"\" src=\"https:\/\/dolux.pl\/wp-content\/uploads\/2025\/04\/Zespol-hero.jpg\" data-object-fit=\"cover\" srcset=\"https:\/\/dolux.pl\/wp-content\/uploads\/2025\/04\/Zespol-hero.jpg 2480w, https:\/\/dolux.pl\/wp-content\/uploads\/2025\/04\/Zespol-hero-300x200.jpg 300w, https:\/\/dolux.pl\/wp-content\/uploads\/2025\/04\/Zespol-hero-1024x683.jpg 1024w, https:\/\/dolux.pl\/wp-content\/uploads\/2025\/04\/Zespol-hero-768x512.jpg 768w, https:\/\/dolux.pl\/wp-content\/uploads\/2025\/04\/Zespol-hero-1536x1024.jpg 1536w, https:\/\/dolux.pl\/wp-content\/uploads\/2025\/04\/Zespol-hero-2048x1365.jpg 2048w\" sizes=\"auto, (max-width: 2480px) 100vw, 2480px\" \/><span aria-hidden=\"true\" class=\"wp-block-cover__background has-background-dim-20 has-background-dim wp-block-cover__gradient-background has-background-gradient\" style=\"background:linear-gradient(135deg,rgb(0,0,0) 0%,rgba(155,81,224,0) 100%)\"><\/span><div class=\"wp-block-cover__inner-container has-global-padding is-layout-constrained wp-container-core-cover-is-layout-e124e8bb wp-block-cover-is-layout-constrained\"><h1 style=\"font-style:normal;font-weight:100;text-transform:uppercase; padding-right:0;padding-left:0;padding-top:0;margin-left:0;margin-top:0;\" class=\"has-link-color wp-elements-5ec3a39addae70b4c6adc282caaaed4a wp-block-post-title has-text-color has-bialy-color has-x-large-font-size\">Team<\/h1><\/div><\/div>\n\n<section class=\"wp-block-group has-global-padding is-content-justification-center is-layout-constrained wp-container-core-group-is-layout-c962a7fd wp-block-group-is-layout-constrained\" style=\"padding-top:var(--wp--preset--spacing--20);padding-right:var(--wp--preset--spacing--10);padding-bottom:var(--wp--preset--spacing--20);padding-left:var(--wp--preset--spacing--10)\">\n<div class=\"wp-block-media-text is-stacked-on-mobile\" style=\"grid-template-columns:33% auto\"><figure class=\"wp-block-media-text__media\"><img loading=\"lazy\" decoding=\"async\" width=\"1024\" height=\"683\" src=\"https:\/\/dolux.pl\/wp-content\/uploads\/2025\/05\/zespol-1-1024x683.jpg\" alt=\"\" class=\"wp-image-1885 size-full\" srcset=\"https:\/\/dolux.pl\/wp-content\/uploads\/2025\/05\/zespol-1-1024x683.jpg 1024w, https:\/\/dolux.pl\/wp-content\/uploads\/2025\/05\/zespol-1-300x200.jpg 300w, https:\/\/dolux.pl\/wp-content\/uploads\/2025\/05\/zespol-1-768x512.jpg 768w, https:\/\/dolux.pl\/wp-content\/uploads\/2025\/05\/zespol-1-1536x1024.jpg 1536w, https:\/\/dolux.pl\/wp-content\/uploads\/2025\/05\/zespol-1-2048x1365.jpg 2048w\" sizes=\"auto, (max-width: 1024px) 100vw, 1024px\" \/><\/figure><div class=\"wp-block-media-text__content\">\n<p><strong>Das Dolux-m Team<\/strong> ist eine Gruppe von Menschen, die die Leidenschaft f\u00fcr die Herstellung nat\u00fcrlicher Holzprodukte verbindet. F\u00fcr jeden von uns hat Qualit\u00e4t oberste Priorit\u00e4t \u2013 sowohl bei der Materialauswahl als auch bei der Pr\u00e4zision der Ausf\u00fchrung, wodurch wir seit \u00fcber 30 Jahren stolz die Tradition des polnischen Handwerks fortf\u00fchren k\u00f6nnen. Alle, von erfahrenen Tischlern und Technologen bis hin zu den f\u00fcr die Logistik Verantwortlichen, arbeiten in jeder Phase der M\u00f6belherstellung eng zusammen, damit das Endergebnis langlebig, funktional und einzigartig ist.  <\/p>\n<\/div><\/div>\n\n\n\n<div class=\"wp-block-media-text has-media-on-the-right is-stacked-on-mobile\" style=\"grid-template-columns:auto 33%\"><div class=\"wp-block-media-text__content\">\n<p>Als kleines Unternehmen legen wir Wert auf enge Beziehungen und Offenheit f\u00fcr<br\/>die <strong>individuellen Bed\u00fcrfnisse jedes Teammitglieds<\/strong>. Wir glauben, dass Verst\u00e4ndnis und gegenseitige Unterst\u00fctzung die Grundlage f\u00fcr ein freundliches Arbeitsumfeld bilden. Dadurch sind wir in der Lage, effektiv auf sich \u00e4ndernde Marktanforderungen und Kundenerwartungen zu reagieren. Unser Arbeitsmodell basiert auf mehrstufiger Zusammenarbeit: Es beginnt bei der Projektkonzeption und der Auswahl der geeigneten Holzart, \u00fcber die pr\u00e4zise Bearbeitung und Veredelung bis hin zur abschlie\u00dfenden Qualit\u00e4tskontrolle. Jede <strong>Person im Team<\/strong> bringt ihr eigenes Wissen, ihre Erfahrung und oft auch ungew\u00f6hnliche Ideen ein, die wir gemeinsam in einzigartige M\u00f6bell\u00f6sungen umsetzen.    <\/p>\n<\/div><figure class=\"wp-block-media-text__media\"><img loading=\"lazy\" decoding=\"async\" width=\"1024\" height=\"683\" src=\"https:\/\/dolux.pl\/wp-content\/uploads\/2025\/05\/zespol-2-1024x683.jpg\" alt=\"\" class=\"wp-image-1886 size-full\" srcset=\"https:\/\/dolux.pl\/wp-content\/uploads\/2025\/05\/zespol-2-1024x683.jpg 1024w, https:\/\/dolux.pl\/wp-content\/uploads\/2025\/05\/zespol-2-300x200.jpg 300w, https:\/\/dolux.pl\/wp-content\/uploads\/2025\/05\/zespol-2-768x512.jpg 768w, https:\/\/dolux.pl\/wp-content\/uploads\/2025\/05\/zespol-2-1536x1024.jpg 1536w, https:\/\/dolux.pl\/wp-content\/uploads\/2025\/05\/zespol-2-2048x1365.jpg 2048w\" sizes=\"auto, (max-width: 1024px) 100vw, 1024px\" \/><\/figure><\/div>\n\n\n\n<div class=\"wp-block-media-text is-stacked-on-mobile\" style=\"grid-template-columns:33% auto\"><figure class=\"wp-block-media-text__media\"><img loading=\"lazy\" decoding=\"async\" width=\"1024\" height=\"683\" src=\"https:\/\/dolux.pl\/wp-content\/uploads\/2025\/05\/zespol-3-1024x683.jpg\" alt=\"\" class=\"wp-image-1887 size-full\" srcset=\"https:\/\/dolux.pl\/wp-content\/uploads\/2025\/05\/zespol-3-1024x683.jpg 1024w, https:\/\/dolux.pl\/wp-content\/uploads\/2025\/05\/zespol-3-300x200.jpg 300w, https:\/\/dolux.pl\/wp-content\/uploads\/2025\/05\/zespol-3-768x512.jpg 768w, https:\/\/dolux.pl\/wp-content\/uploads\/2025\/05\/zespol-3-1536x1024.jpg 1536w, https:\/\/dolux.pl\/wp-content\/uploads\/2025\/05\/zespol-3-2048x1365.jpg 2048w\" sizes=\"auto, (max-width: 1024px) 100vw, 1024px\" \/><\/figure><div class=\"wp-block-media-text__content\">\n<p>In der t\u00e4glichen Arbeit ist es genau diese Synergie der Aktivit\u00e4ten, die unser Motor ist. Durch die Kombination einzigartiger Kompetenzen, Perspektiven und der Kreativit\u00e4t jeder Person sind wir in der Lage, Ergebnisse zu erzielen, die die Summe der individuellen Beitr\u00e4ge \u00fcbertreffen. Gemeinsame Probleml\u00f6sung, offene Kommunikation und der gegenseitige Austausch von Ideen sorgen daf\u00fcr, dass <strong>jedes Teammitglied<\/strong> einen realen Einfluss auf das Endergebnis hat. Unabh\u00e4ngig davon, ob wir an einer innovativen M\u00f6belform arbeiten oder angewandte Technologien perfektionieren, setzen wir immer auf Zusammenarbeit und Flexibilit\u00e4t.   <\/p>\n<\/div><\/div>\n\n\n\n<div class=\"wp-block-media-text has-media-on-the-right is-stacked-on-mobile\" style=\"grid-template-columns:auto 33%\"><div class=\"wp-block-media-text__content\">\n<p>Wir schaffen f\u00fcr und mit Menschen \u2013 nicht nur f\u00fcr unsere Kunden, sondern auch im Hinblick auf zuk\u00fcnftige Generationen, die M\u00f6bel mit zeitlosem Charakter nutzen werden. Unsere Liebe zum Detail, unsere Zuverl\u00e4ssigkeit im Handeln und die gegenseitige <strong>F\u00fcrsorge im Team<\/strong> sorgen daf\u00fcr, dass jedes Produkt eine einzigartige Geschichte erz\u00e4hlt. Diese Atmosph\u00e4re der Zusammenarbeit, Unterst\u00fctzung und Konzentration auf ein gemeinsames Ziel ist die Essenz unserer DNA \u2013 ein Element, dank dessen Dolux-M ein Ort bleibt, an dem die Leidenschaft f\u00fcr Holz und der Respekt vor dem Menschen eine harmonische Einheit bilden.  <\/p>\n<\/div><figure class=\"wp-block-media-text__media\"><img loading=\"lazy\" decoding=\"async\" width=\"1024\" height=\"1024\" src=\"https:\/\/dolux.pl\/wp-content\/uploads\/2025\/05\/zespol-4-1024x1024.jpg\" alt=\"\" class=\"wp-image-1888 size-full\" srcset=\"https:\/\/dolux.pl\/wp-content\/uploads\/2025\/05\/zespol-4-1024x1024.jpg 1024w, https:\/\/dolux.pl\/wp-content\/uploads\/2025\/05\/zespol-4-300x300.jpg 300w, https:\/\/dolux.pl\/wp-content\/uploads\/2025\/05\/zespol-4-150x150.jpg 150w, https:\/\/dolux.pl\/wp-content\/uploads\/2025\/05\/zespol-4-768x768.jpg 768w, https:\/\/dolux.pl\/wp-content\/uploads\/2025\/05\/zespol-4-1536x1536.jpg 1536w, https:\/\/dolux.pl\/wp-content\/uploads\/2025\/05\/zespol-4.jpg 1653w\" sizes=\"auto, (max-width: 1024px) 100vw, 1024px\" \/><\/figure><\/div>\n<\/section>\n","protected":false},"excerpt":{"rendered":"<p>Das Dolux-m Team ist eine Gruppe von Menschen, die die Leidenschaft f\u00fcr die Herstellung nat\u00fcrlicher Holzprodukte verbindet. F\u00fcr jeden von uns hat Qualit\u00e4t oberste Priorit\u00e4t \u2013 sowohl bei der Materialauswahl als auch bei der Pr\u00e4zision der Ausf\u00fchrung, wodurch wir seit \u00fcber 30 Jahren stolz die Tradition des polnischen Handwerks fortf\u00fchren k\u00f6nnen. Alle, von erfahrenen Tischlern [&hellip;]<\/p>\n","protected":false},"author":1,"featured_media":0,"parent":2517,"menu_order":0,"comment_status":"closed","ping_status":"closed","template":"","meta":{"footnotes":""},"class_list":["post-2578","page","type-page","status-publish","hentry"],"yoast_head":"<!-- This site is optimized with the Yoast SEO plugin v27.4 - https:\/\/yoast.com\/product\/yoast-seo-wordpress\/ -->\n<title>Team - Dolux<\/title>\n<meta name=\"robots\" content=\"index, follow, max-snippet:-1, max-image-preview:large, max-video-preview:-1\" \/>\n<link rel=\"canonical\" href=\"https:\/\/dolux.pl\/de\/ueber-uns\/team\/\" \/>\n<meta property=\"og:locale\" content=\"de_DE\" \/>\n<meta property=\"og:type\" content=\"article\" \/>\n<meta property=\"og:title\" content=\"Team - Dolux\" \/>\n<meta property=\"og:description\" content=\"Das Dolux-m Team ist eine Gruppe von Menschen, die die Leidenschaft f\u00fcr die Herstellung nat\u00fcrlicher Holzprodukte verbindet. F\u00fcr jeden von uns hat Qualit\u00e4t oberste Priorit\u00e4t \u2013 sowohl bei der Materialauswahl als auch bei der Pr\u00e4zision der Ausf\u00fchrung, wodurch wir seit \u00fcber 30 Jahren stolz die Tradition des polnischen Handwerks fortf\u00fchren k\u00f6nnen. Alle, von erfahrenen Tischlern [&hellip;]\" \/>\n<meta property=\"og:url\" content=\"https:\/\/dolux.pl\/de\/ueber-uns\/team\/\" \/>\n<meta property=\"og:site_name\" content=\"Dolux\" \/>\n<meta property=\"article:modified_time\" content=\"2026-02-09T21:50:36+00:00\" \/>\n<meta property=\"og:image\" content=\"https:\/\/dolux.pl\/wp-content\/uploads\/2025\/04\/Zespol-hero-1024x683.jpg\" \/>\n\t<meta property=\"og:image:width\" content=\"1024\" \/>\n\t<meta property=\"og:image:height\" content=\"683\" \/>\n\t<meta property=\"og:image:type\" content=\"image\/jpeg\" \/>\n<meta name=\"twitter:card\" content=\"summary_large_image\" \/>\n<meta name=\"twitter:label1\" content=\"Gesch\u00e4tzte Lesezeit\" \/>\n\t<meta name=\"twitter:data1\" content=\"2 Minuten\" \/>\n<script type=\"application\/ld+json\" class=\"yoast-schema-graph\">{\"@context\":\"https:\\\/\\\/schema.org\",\"@graph\":[{\"@type\":\"WebPage\",\"@id\":\"https:\\\/\\\/dolux.pl\\\/de\\\/ueber-uns\\\/team\\\/\",\"url\":\"https:\\\/\\\/dolux.pl\\\/de\\\/ueber-uns\\\/team\\\/\",\"name\":\"Team - Dolux\",\"isPartOf\":{\"@id\":\"https:\\\/\\\/dolux.pl\\\/de\\\/#website\"},\"primaryImageOfPage\":{\"@id\":\"https:\\\/\\\/dolux.pl\\\/de\\\/ueber-uns\\\/team\\\/#primaryimage\"},\"image\":{\"@id\":\"https:\\\/\\\/dolux.pl\\\/de\\\/ueber-uns\\\/team\\\/#primaryimage\"},\"thumbnailUrl\":\"https:\\\/\\\/dolux.pl\\\/wp-content\\\/uploads\\\/2025\\\/04\\\/Zespol-hero.jpg\",\"datePublished\":\"2025-04-16T17:10:36+00:00\",\"dateModified\":\"2026-02-09T21:50:36+00:00\",\"breadcrumb\":{\"@id\":\"https:\\\/\\\/dolux.pl\\\/de\\\/ueber-uns\\\/team\\\/#breadcrumb\"},\"inLanguage\":\"de\",\"potentialAction\":[{\"@type\":\"ReadAction\",\"target\":[\"https:\\\/\\\/dolux.pl\\\/de\\\/ueber-uns\\\/team\\\/\"]}]},{\"@type\":\"ImageObject\",\"inLanguage\":\"de\",\"@id\":\"https:\\\/\\\/dolux.pl\\\/de\\\/ueber-uns\\\/team\\\/#primaryimage\",\"url\":\"https:\\\/\\\/dolux.pl\\\/wp-content\\\/uploads\\\/2025\\\/04\\\/Zespol-hero.jpg\",\"contentUrl\":\"https:\\\/\\\/dolux.pl\\\/wp-content\\\/uploads\\\/2025\\\/04\\\/Zespol-hero.jpg\"},{\"@type\":\"BreadcrumbList\",\"@id\":\"https:\\\/\\\/dolux.pl\\\/de\\\/ueber-uns\\\/team\\\/#breadcrumb\",\"itemListElement\":[{\"@type\":\"ListItem\",\"position\":1,\"name\":\"Startseite\",\"item\":\"https:\\\/\\\/dolux.pl\\\/de\\\/\"},{\"@type\":\"ListItem\",\"position\":2,\"name\":\"\u00dcber uns\",\"item\":\"https:\\\/\\\/dolux.pl\\\/de\\\/ueber-uns\\\/\"},{\"@type\":\"ListItem\",\"position\":3,\"name\":\"Team\"}]},{\"@type\":\"WebSite\",\"@id\":\"https:\\\/\\\/dolux.pl\\\/de\\\/#website\",\"url\":\"https:\\\/\\\/dolux.pl\\\/de\\\/\",\"name\":\"Dolux\",\"description\":\"Nachhaltigkeit beginnt mit kleinen Entscheidungen. Und von Herstellern, die wissen, was sie tun \u2013 Herkunft z\u00e4hlt.\",\"publisher\":{\"@id\":\"https:\\\/\\\/dolux.pl\\\/de\\\/#organization\"},\"potentialAction\":[{\"@type\":\"SearchAction\",\"target\":{\"@type\":\"EntryPoint\",\"urlTemplate\":\"https:\\\/\\\/dolux.pl\\\/de\\\/?s={search_term_string}\"},\"query-input\":{\"@type\":\"PropertyValueSpecification\",\"valueRequired\":true,\"valueName\":\"search_term_string\"}}],\"inLanguage\":\"de\"},{\"@type\":\"Organization\",\"@id\":\"https:\\\/\\\/dolux.pl\\\/de\\\/#organization\",\"name\":\"Dolux-M\",\"url\":\"https:\\\/\\\/dolux.pl\\\/de\\\/\",\"logo\":{\"@type\":\"ImageObject\",\"inLanguage\":\"de\",\"@id\":\"https:\\\/\\\/dolux.pl\\\/de\\\/#\\\/schema\\\/logo\\\/image\\\/\",\"url\":\"https:\\\/\\\/dolux.pl\\\/wp-content\\\/uploads\\\/2025\\\/04\\\/Dolux-m-Logo.png\",\"contentUrl\":\"https:\\\/\\\/dolux.pl\\\/wp-content\\\/uploads\\\/2025\\\/04\\\/Dolux-m-Logo.png\",\"width\":1300,\"height\":450,\"caption\":\"Dolux-M\"},\"image\":{\"@id\":\"https:\\\/\\\/dolux.pl\\\/de\\\/#\\\/schema\\\/logo\\\/image\\\/\"},\"sameAs\":[\"https:\\\/\\\/www.linkedin.com\\\/company\\\/dolux-m\"]}]}<\/script>\n<!-- \/ Yoast SEO plugin. -->","yoast_head_json":{"title":"Team - Dolux","robots":{"index":"index","follow":"follow","max-snippet":"max-snippet:-1","max-image-preview":"max-image-preview:large","max-video-preview":"max-video-preview:-1"},"canonical":"https:\/\/dolux.pl\/de\/ueber-uns\/team\/","og_locale":"de_DE","og_type":"article","og_title":"Team - Dolux","og_description":"Das Dolux-m Team ist eine Gruppe von Menschen, die die Leidenschaft f\u00fcr die Herstellung nat\u00fcrlicher Holzprodukte verbindet. F\u00fcr jeden von uns hat Qualit\u00e4t oberste Priorit\u00e4t \u2013 sowohl bei der Materialauswahl als auch bei der Pr\u00e4zision der Ausf\u00fchrung, wodurch wir seit \u00fcber 30 Jahren stolz die Tradition des polnischen Handwerks fortf\u00fchren k\u00f6nnen. Alle, von erfahrenen Tischlern [&hellip;]","og_url":"https:\/\/dolux.pl\/de\/ueber-uns\/team\/","og_site_name":"Dolux","article_modified_time":"2026-02-09T21:50:36+00:00","og_image":[{"width":1024,"height":683,"url":"https:\/\/dolux.pl\/wp-content\/uploads\/2025\/04\/Zespol-hero-1024x683.jpg","type":"image\/jpeg"}],"twitter_card":"summary_large_image","twitter_misc":{"Gesch\u00e4tzte Lesezeit":"2 Minuten"},"schema":{"@context":"https:\/\/schema.org","@graph":[{"@type":"WebPage","@id":"https:\/\/dolux.pl\/de\/ueber-uns\/team\/","url":"https:\/\/dolux.pl\/de\/ueber-uns\/team\/","name":"Team - Dolux","isPartOf":{"@id":"https:\/\/dolux.pl\/de\/#website"},"primaryImageOfPage":{"@id":"https:\/\/dolux.pl\/de\/ueber-uns\/team\/#primaryimage"},"image":{"@id":"https:\/\/dolux.pl\/de\/ueber-uns\/team\/#primaryimage"},"thumbnailUrl":"https:\/\/dolux.pl\/wp-content\/uploads\/2025\/04\/Zespol-hero.jpg","datePublished":"2025-04-16T17:10:36+00:00","dateModified":"2026-02-09T21:50:36+00:00","breadcrumb":{"@id":"https:\/\/dolux.pl\/de\/ueber-uns\/team\/#breadcrumb"},"inLanguage":"de","potentialAction":[{"@type":"ReadAction","target":["https:\/\/dolux.pl\/de\/ueber-uns\/team\/"]}]},{"@type":"ImageObject","inLanguage":"de","@id":"https:\/\/dolux.pl\/de\/ueber-uns\/team\/#primaryimage","url":"https:\/\/dolux.pl\/wp-content\/uploads\/2025\/04\/Zespol-hero.jpg","contentUrl":"https:\/\/dolux.pl\/wp-content\/uploads\/2025\/04\/Zespol-hero.jpg"},{"@type":"BreadcrumbList","@id":"https:\/\/dolux.pl\/de\/ueber-uns\/team\/#breadcrumb","itemListElement":[{"@type":"ListItem","position":1,"name":"Startseite","item":"https:\/\/dolux.pl\/de\/"},{"@type":"ListItem","position":2,"name":"\u00dcber uns","item":"https:\/\/dolux.pl\/de\/ueber-uns\/"},{"@type":"ListItem","position":3,"name":"Team"}]},{"@type":"WebSite","@id":"https:\/\/dolux.pl\/de\/#website","url":"https:\/\/dolux.pl\/de\/","name":"Dolux","description":"Nachhaltigkeit beginnt mit kleinen Entscheidungen. Und von Herstellern, die wissen, was sie tun \u2013 Herkunft z\u00e4hlt.","publisher":{"@id":"https:\/\/dolux.pl\/de\/#organization"},"potentialAction":[{"@type":"SearchAction","target":{"@type":"EntryPoint","urlTemplate":"https:\/\/dolux.pl\/de\/?s={search_term_string}"},"query-input":{"@type":"PropertyValueSpecification","valueRequired":true,"valueName":"search_term_string"}}],"inLanguage":"de"},{"@type":"Organization","@id":"https:\/\/dolux.pl\/de\/#organization","name":"Dolux-M","url":"https:\/\/dolux.pl\/de\/","logo":{"@type":"ImageObject","inLanguage":"de","@id":"https:\/\/dolux.pl\/de\/#\/schema\/logo\/image\/","url":"https:\/\/dolux.pl\/wp-content\/uploads\/2025\/04\/Dolux-m-Logo.png","contentUrl":"https:\/\/dolux.pl\/wp-content\/uploads\/2025\/04\/Dolux-m-Logo.png","width":1300,"height":450,"caption":"Dolux-M"},"image":{"@id":"https:\/\/dolux.pl\/de\/#\/schema\/logo\/image\/"},"sameAs":["https:\/\/www.linkedin.com\/company\/dolux-m"]}]}},"_links":{"self":[{"href":"https:\/\/dolux.pl\/de\/wp-json\/wp\/v2\/pages\/2578","targetHints":{"allow":["GET"]}}],"collection":[{"href":"https:\/\/dolux.pl\/de\/wp-json\/wp\/v2\/pages"}],"about":[{"href":"https:\/\/dolux.pl\/de\/wp-json\/wp\/v2\/types\/page"}],"author":[{"embeddable":true,"href":"https:\/\/dolux.pl\/de\/wp-json\/wp\/v2\/users\/1"}],"replies":[{"embeddable":true,"href":"https:\/\/dolux.pl\/de\/wp-json\/wp\/v2\/comments?post=2578"}],"version-history":[{"count":1,"href":"https:\/\/dolux.pl\/de\/wp-json\/wp\/v2\/pages\/2578\/revisions"}],"predecessor-version":[{"id":2584,"href":"https:\/\/dolux.pl\/de\/wp-json\/wp\/v2\/pages\/2578\/revisions\/2584"}],"up":[{"embeddable":true,"href":"https:\/\/dolux.pl\/de\/wp-json\/wp\/v2\/pages\/2517"}],"wp:attachment":[{"href":"https:\/\/dolux.pl\/de\/wp-json\/wp\/v2\/media?parent=2578"}],"curies":[{"name":"wp","href":"https:\/\/api.w.org\/{rel}","templated":true}]}}